{"id":18,"date":"2022-02-27T07:43:48","date_gmt":"2022-02-27T07:43:48","guid":{"rendered":"https:\/\/unstruggle.ch\/unstruggle\/?page_id=18"},"modified":"2026-03-15T08:41:24","modified_gmt":"2026-03-15T07:41:24","slug":"psychologische-beratung-coaching","status":"publish","type":"page","link":"https:\/\/unstruggle.ch\/unstruggle\/","title":{"rendered":"Psychologische Beratung und Entscheidungscoaching f\u00fcr ein sinnvolles, erf\u00fclltes Leben"},"content":{"rendered":"\n<p class=\"has-medium-font-size\">Stress, Sorgen, schwierige Entscheidungen \u2013 wenn Dir das alles zu viel wird, kann Dir Psychologische Beratung und Coaching helfen. Nimm neue Perspektiven ein, kriege Deinen Kopf frei und fokussiere auf das Wichtige in Deinem Leben. <\/p>\n\n\n\n<p class=\"has-medium-font-size\">H\u00e4ufige Themen in meinen Gespr\u00e4chen:<\/p>\n\n\n\n<ul class=\"wp-block-list\">\n<li class=\"has-medium-font-size\">Es f\u00e4llt mir extrem schwer, eine wichtige Entscheidung zu treffen und schiebe das seit Monaten vor mir her. Ich muss endlich Klarheit haben.<\/li>\n\n\n\n<li class=\"has-medium-font-size\">Ich mache so viele verschiedene Dinge. Das laugt mich aus und macht mich ungl\u00fccklich. Wie finde ich zur\u00fcck zu Fokus?<\/li>\n\n\n\n<li class=\"has-medium-font-size\">Ich habe permanent das Gef\u00fchl, nicht gut genug zu sein. Das stresst mich Tag und Nacht. <\/li>\n\n\n\n<li class=\"has-medium-font-size\">Ich bin sehr d\u00fcnnh\u00e4utig geworden und rege mich schnell auf. Wie finde ich wieder mehr Gelassenheit?<\/li>\n<\/ul>\n\n\n\n<div class=\"wp-block-columns alignwide is-layout-flex wp-container-core-columns-is-layout-9d6595d7 wp-block-columns-is-layout-flex\">\n<div class=\"wp-block-column is-layout-flow wp-block-column-is-layout-flow\">\n<div class=\"wp-block-group\"><div class=\"wp-block-group__inner-container is-layout-flow wp-block-group-is-layout-flow\">\n<div class=\"wp-block-group has-background\" style=\"background-color:#c8e3fd0f\"><div class=\"wp-block-group__inner-container is-layout-constrained wp-block-group-is-layout-constrained\">\n<h3 class=\"wp-block-heading\">Ins Handeln kommen: Runter vom Gedankenkarussell<\/h3>\n\n\n\n<div class=\"wp-block-group\"><div class=\"wp-block-group__inner-container is-layout-flow wp-block-group-is-layout-flow\">\n<p class=\"has-medium-font-size\">Du struggelst mit <a href=\"https:\/\/unstruggle.ch\/unstruggle\/tipps\/schwierige-entscheidungen-treffen\/\">schwierigen Entscheidungen<\/a> oder Themen? Du machst Dir Sorgen und gehst nachts im Bett die Optionen durch, anstatt zu schlafen? Das <a href=\"https:\/\/unstruggle.ch\/unstruggle\/tipps\/gedanken-karussell-ein-achtsamer-spaziergang\/\">Gedankenkarussell<\/a> dreht und dreht und Du gr\u00fcbelst seit Tagen auf der Suche nach einer perfekten L\u00f6sung. Vielleicht ist es an der Zeit, das Problem systematischer anzugehen und Entscheidungshilfe anzunehmen. Wir binden neue Sichtweisen ein und skizzieren einen L\u00f6sungsraum. Lass uns zusammen L\u00f6sungen finden und angehen. Mit ACT-Coaching erarbeiten wir die Basis f\u00fcr Deine Entscheidungen und finden Wege, wie Du sie danach Leben kannst. <a href=\"https:\/\/unstruggle.ch\/unstruggle\/entscheidungscoaching\/\">Lies mehr und lass uns starten!<\/a><\/p>\n<\/div><\/div>\n<\/div><\/div>\n\n\n\n<div class=\"wp-block-group has-background\" style=\"background-color:#c8e3fd0f\"><div class=\"wp-block-group__inner-container is-layout-constrained wp-block-group-is-layout-constrained\">\n<h3 class=\"wp-block-heading\">Zukunftsangst: \u00c4ngste und Sorgen zu KI, Krieg und Inflation meistern lernen<\/h3>\n\n\n\n<p class=\"has-medium-font-size\">Unsere Welt steht Kopf und Du machst Dir ganz viele berechtigte Sorgen: denn neben schier unl\u00f6sbaren Problemen wie Kriegen und Klimakrise dr\u00e4ngen nun Inflation und K\u00fcnstliche Intelligenzen in unser privates und allem berufliches Leben und bedrohen unsere finanzielle und berufliche Sicherheit. Wovon soll ich Leben, wenn meine Arbeit von Computern \u00fcbernommen wird? Wie soll ich am Ball bleiben, wenn alles so schnell \u00e4ndert? Was sollen meine Kinder sp\u00e4ter lernen, wenn es keine Jobs mehr gibt? Deine Unsicherheit und Zukunftsangst ist berechtigt und v\u00f6llig normal.<br>Im ACT-Coaching finden wir neue Strategien, wie Du mit dieser Sorge im Gep\u00e4ck ein erf\u00fclltes Leben im Hier und Jetzt f\u00fchren kannst. Lies mehr: <a href=\"https:\/\/unstruggle.ch\/unstruggle\/tipps\/mit-zukunftsangst-leben\/\">Mit Zukunftsangst leben<\/a><\/p>\n<\/div><\/div>\n<\/div><\/div>\n<\/div>\n\n\n\n<div class=\"wp-block-column is-layout-flow wp-block-column-is-layout-flow\">\n<div class=\"wp-block-group\"><div class=\"wp-block-group__inner-container is-layout-flow wp-block-group-is-layout-flow\">\n<div class=\"wp-block-group has-background\" style=\"background-color:#c8e3fd0f\"><div class=\"wp-block-group__inner-container is-layout-flow wp-block-group-is-layout-flow\">\n<h3 class=\"wp-block-heading has-medium-font-size\">Mehr Fokus f\u00fcr Dein Leben: Runter vom Hamsterrad!<\/h3>\n\n\n\n<p class=\"has-medium-font-size\">Stress, Sorgen, \u00dcberforderung oder auf der Suche nach Sinn? Manchmal w\u00e4chst Dir alles \u00fcber den Kopf. Der berufliche und private Alltag fordert seinen Tribut, tausend Dinge gilt es zu erledigen und zu organisieren. Unsicherheit, Angst und eine ungewisse Zukunft bestimmen den Alltag. \u00dcberforderung und Stress reduzieren die Lebensqualit\u00e4t und stellen Beziehungen auf die Probe.<br>Zeit, kurz innezuhalten und sich neu zu sortieren und neu auf diejenigen Dinge zu fokussieren, die Dir wichtig sind. Daran arbeiten wir im Einzel-Coaching. <a href=\"https:\/\/unstruggle.ch\/unstruggle\/einzelcoaching\/\" data-type=\"page\" data-id=\"749\">Details zum Einzelcoaching&#8230;<\/a><br><\/p>\n<\/div><\/div>\n<\/div><\/div>\n\n\n\n<div class=\"wp-block-group has-background\" style=\"background-color:#c8e3fd0f\"><div class=\"wp-block-group__inner-container is-layout-constrained wp-block-group-is-layout-constrained\">\n<h3 class=\"wp-block-heading\"><strong>Wert, Selbstwert, Sinn \u2013 wenn das innere Gleichgewicht ins Wanken ger\u00e4t<\/strong><\/h3>\n\n\n\n<p class=\"has-medium-font-size\">Zweifelst Du manchmal an Dir selbst oder verlierst das Gef\u00fchl, was Dich wirklich ausmacht? Vielleicht erlebst Du Druck von aussen, vergleichst Dich mit anderen oder fragst Dich, ob das, was Du tust, \u00fcberhaupt noch Sinn ergibt. Der Alltag l\u00e4sst wenig Raum zum Innehalten \u2013 und so geht das Gesp\u00fcr f\u00fcr den eigenen Wert leicht verloren.<\/p>\n\n\n\n<p class=\"has-medium-font-size\">Wenn Selbstzweifel, Leistungsdruck oder innere Leere \u00fcberhandnehmen, wird es schwer, Entscheidungen zu treffen und kraftvoll zu handeln. Doch Dein Wert h\u00e4ngt nicht davon ab, wie viel Du leistest oder was andere denken.<\/p>\n\n\n\n<p class=\"has-medium-font-size\">Gemeinsam schaffen wir eine Verbindung zu dem, was <a href=\"https:\/\/unstruggle.ch\/unstruggle\/tipps\/werte-kompass-gutes-leben\/\" data-type=\"post\" data-id=\"447\">Dir wirklich wichtig<\/a> ist. So entsteht Klarheit, Sinn und ein Selbstwert, der von innen kommt. <a href=\"https:\/\/unstruggle.ch\/unstruggle\/kontakt\/\" data-type=\"page\" data-id=\"20\">Interessiert? Jetzt unverbindlich Kontakt aufnehmen! <\/a><\/p>\n<\/div><\/div>\n<\/div>\n<\/div>\n\n\n\n<div class=\"wp-block-group\"><div class=\"wp-block-group__inner-container is-layout-constrained wp-block-group-is-layout-constrained\">\n<h2 class=\"wp-block-heading alignwide has-text-align-center\">Bereit f\u00fcr den n\u00e4chsten Schritt?<\/h2>\n\n\n\n<p class=\"has-text-align-center has-medium-font-size\">Wenn das f\u00fcr Dich gut klingt, kontaktiere mich einfach unverbindlich. Ich unterst\u00fctze Dich gerne auf Deinen n\u00e4chsten Schritten. Termine in Aarau oder online sind auch kurzfristig m\u00f6glich.<\/p>\n\n\n\n<div class=\"wp-block-buttons is-content-justification-center is-layout-flex wp-container-core-buttons-is-layout-16018d1d wp-block-buttons-is-layout-flex\">\n<div class=\"wp-block-button is-style-fill\"><a class=\"wp-block-button__link has-background wp-element-button\" href=\"https:\/\/unstruggle.ch\/unstruggle\/kontakt\/\" style=\"background-color:#36487b\">Kontaktiere mich<\/a><\/div>\n\n\n\n<div class=\"wp-block-button is-style-fill\"><a class=\"wp-block-button__link has-background wp-element-button\" href=\"https:\/\/calendly.com\/peter-schmutz-unstruggle\/kennenlerntermin\" style=\"background-color:#36487b\" target=\"_blank\" rel=\"noreferrer noopener\">Kennenlerntermin buchen (15 kostenlos)<\/a><\/div>\n<\/div>\n<\/div><\/div>\n\n\n\n<div style=\"height:34px\" aria-hidden=\"true\" class=\"wp-block-spacer\"><\/div>\n\n\n\n<figure class=\"wp-block-image alignfull size-large is-style-default\"><img loading=\"lazy\" decoding=\"async\" width=\"1024\" height=\"476\" src=\"https:\/\/unstruggle.ch\/unstruggle\/wp-content\/uploads\/2024\/08\/IMG_2467-1024x476.jpeg\" alt=\"Symbolbild einer Sch\u00f6nen Landschaft Die Zukunft l\u00e4sst sich nicht kontrollieren. Wir k\u00f6nnen aber Impulse setzen, Richtungen einschlagen und mit der Neugier eines Kindes beobachten, was hier geschieht.\" class=\"wp-image-894\" srcset=\"https:\/\/unstruggle.ch\/unstruggle\/wp-content\/uploads\/2024\/08\/IMG_2467-1024x476.jpeg 1024w, https:\/\/unstruggle.ch\/unstruggle\/wp-content\/uploads\/2024\/08\/IMG_2467-300x139.jpeg 300w, https:\/\/unstruggle.ch\/unstruggle\/wp-content\/uploads\/2024\/08\/IMG_2467-768x357.jpeg 768w, https:\/\/unstruggle.ch\/unstruggle\/wp-content\/uploads\/2024\/08\/IMG_2467-1536x713.jpeg 1536w, https:\/\/unstruggle.ch\/unstruggle\/wp-content\/uploads\/2024\/08\/IMG_2467-2048x951.jpeg 2048w\" sizes=\"auto, (max-width: 1024px) 100vw, 1024px\" \/><figcaption class=\"wp-element-caption\">Die Zukunft l\u00e4sst sich nicht kontrollieren. Wir k\u00f6nnen aber Impulse setzen, Richtungen einschlagen, die unseren Werten entsprechen und mit der Neugier eines Kindes beobachten, was hier geschieht.<\/figcaption><\/figure>\n\n\n\n<div style=\"height:100px\" aria-hidden=\"true\" class=\"wp-block-spacer\"><\/div>\n\n\n\n<h2 class=\"wp-block-heading\">Tipps zur Selbsthilfe (<a href=\"https:\/\/unstruggle.ch\/unstruggle\/erste-tipps\/\" data-type=\"page\" data-id=\"134\">Alle anzeigen<\/a>)<\/h2>\n\n\n<ul style=\"background-color:#c8e3fd0f;\" class=\"wp-block-latest-posts__list is-grid columns-2 has-author aligncenter startseite-table-padding wp-block-latest-posts has-background has-medium-font-size\"><li><div class=\"wp-block-latest-posts__featured-image aligncenter\"><a href=\"https:\/\/unstruggle.ch\/unstruggle\/tipps\/gelassenheit-unsichere-zeit\/\" aria-label=\"Gelassenheit: Gelassener werden in unsicheren Zeiten?\"><img loading=\"lazy\" decoding=\"async\" width=\"800\" height=\"437\" src=\"https:\/\/unstruggle.ch\/unstruggle\/wp-content\/uploads\/2026\/03\/IMG_6635-1024x559.png\" class=\"attachment-large size-large wp-post-image\" alt=\"Gelassenheit in der Natur\" style=\"\" \/><\/a><\/div><a class=\"wp-block-latest-posts__post-title\" href=\"https:\/\/unstruggle.ch\/unstruggle\/tipps\/gelassenheit-unsichere-zeit\/\">Gelassenheit: Gelassener werden in unsicheren Zeiten?<\/a><div class=\"wp-block-latest-posts__post-author\">von Peter<\/div><div class=\"wp-block-latest-posts__post-excerpt\">D\u00fcnnh\u00e4utig, unruhig, schnell gestresst, \u00fcberfordert oder emotional: Viele meiner Klientinnen und Klienten w\u00fcnschen sich, gelassener zur werden oder gelassener auf Ereignisse im privaten oder beruflichen Kontext reagieren zu k\u00f6nnen. Wir &#8230;<\/div><\/li>\n<li><div class=\"wp-block-latest-posts__featured-image aligncenter\"><a href=\"https:\/\/unstruggle.ch\/unstruggle\/tipps\/entscheidungspunkte\/\" aria-label=\"Entscheidungspunkte: kleine Entscheidungen mit grossem Effekt\"><img loading=\"lazy\" decoding=\"async\" width=\"800\" height=\"600\" src=\"https:\/\/unstruggle.ch\/unstruggle\/wp-content\/uploads\/2025\/11\/image-e1763232947896-1024x768.png\" class=\"attachment-large size-large wp-post-image\" alt=\"\" style=\"\" srcset=\"https:\/\/unstruggle.ch\/unstruggle\/wp-content\/uploads\/2025\/11\/image-e1763232947896-1024x768.png 1024w, https:\/\/unstruggle.ch\/unstruggle\/wp-content\/uploads\/2025\/11\/image-e1763232947896-300x225.png 300w, https:\/\/unstruggle.ch\/unstruggle\/wp-content\/uploads\/2025\/11\/image-e1763232947896-768x576.png 768w, https:\/\/unstruggle.ch\/unstruggle\/wp-content\/uploads\/2025\/11\/image-e1763232947896-1536x1152.png 1536w, https:\/\/unstruggle.ch\/unstruggle\/wp-content\/uploads\/2025\/11\/image-e1763232947896.png 1624w\" sizes=\"auto, (max-width: 800px) 100vw, 800px\" \/><\/a><\/div><a class=\"wp-block-latest-posts__post-title\" href=\"https:\/\/unstruggle.ch\/unstruggle\/tipps\/entscheidungspunkte\/\">Entscheidungspunkte: kleine Entscheidungen mit grossem Effekt<\/a><div class=\"wp-block-latest-posts__post-author\">von Peter<\/div><div class=\"wp-block-latest-posts__post-excerpt\">Viele Menschen, die mich f\u00fcr eine Beratung oder ein Coaching aufsuchen, befinden sich in einer schwierigen Lebenssituation. Sie sind unzufrieden, \u00fcberfordert und m\u00f6chten wieder gl\u00fccklicher und entspannter durchs Leben. Sie &#8230;<\/div><\/li>\n<li><div class=\"wp-block-latest-posts__featured-image aligncenter\"><a href=\"https:\/\/unstruggle.ch\/unstruggle\/tipps\/sorgenmonster\/\" aria-label=\"Mit dem Sorgenmonster leben\"><img loading=\"lazy\" decoding=\"async\" width=\"800\" height=\"600\" src=\"https:\/\/unstruggle.ch\/unstruggle\/wp-content\/uploads\/2024\/10\/088E558F-488F-4A15-89DE-275245192E46-1024x538-2.jpeg\" class=\"attachment-large size-large wp-post-image\" alt=\"\" style=\"\" srcset=\"https:\/\/unstruggle.ch\/unstruggle\/wp-content\/uploads\/2024\/10\/088E558F-488F-4A15-89DE-275245192E46-1024x538-2.jpeg 1000w, https:\/\/unstruggle.ch\/unstruggle\/wp-content\/uploads\/2024\/10\/088E558F-488F-4A15-89DE-275245192E46-1024x538-2-300x225.jpeg 300w, https:\/\/unstruggle.ch\/unstruggle\/wp-content\/uploads\/2024\/10\/088E558F-488F-4A15-89DE-275245192E46-1024x538-2-768x576.jpeg 768w\" sizes=\"auto, (max-width: 800px) 100vw, 800px\" \/><\/a><\/div><a class=\"wp-block-latest-posts__post-title\" href=\"https:\/\/unstruggle.ch\/unstruggle\/tipps\/sorgenmonster\/\">Mit dem Sorgenmonster leben<\/a><div class=\"wp-block-latest-posts__post-author\">von Peter<\/div><div class=\"wp-block-latest-posts__post-excerpt\">Mitten auf dem Gedankenkarussell? Kennst Du das auch? Das Sorgenmonster ist da und l\u00e4sst sich einfach nicht vertreiben \ud83d\ude29 St\u00e4ndig kommen unangenehme Gedanken und Gef\u00fchle hoch, st\u00f6ren Deine Aufmerksamkeit und &#8230;<\/div><\/li>\n<li><div class=\"wp-block-latest-posts__featured-image aligncenter\"><a href=\"https:\/\/unstruggle.ch\/unstruggle\/tipps\/ich-weiss-nicht-weiter\/\" aria-label=\"Ich weiss nicht weiter \u2013 was tun, wenn Du feststeckst\"><img loading=\"lazy\" decoding=\"async\" width=\"800\" height=\"600\" src=\"https:\/\/unstruggle.ch\/unstruggle\/wp-content\/uploads\/2024\/09\/IMG_5739-e1730405006614-1536x1036-1-1024x768.jpg\" class=\"attachment-large size-large wp-post-image\" alt=\"\" style=\"\" srcset=\"https:\/\/unstruggle.ch\/unstruggle\/wp-content\/uploads\/2024\/09\/IMG_5739-e1730405006614-1536x1036-1-1024x768.jpg 1024w, https:\/\/unstruggle.ch\/unstruggle\/wp-content\/uploads\/2024\/09\/IMG_5739-e1730405006614-1536x1036-1-300x225.jpg 300w, https:\/\/unstruggle.ch\/unstruggle\/wp-content\/uploads\/2024\/09\/IMG_5739-e1730405006614-1536x1036-1-768x576.jpg 768w, https:\/\/unstruggle.ch\/unstruggle\/wp-content\/uploads\/2024\/09\/IMG_5739-e1730405006614-1536x1036-1.jpg 1381w\" sizes=\"auto, (max-width: 800px) 100vw, 800px\" \/><\/a><\/div><a class=\"wp-block-latest-posts__post-title\" href=\"https:\/\/unstruggle.ch\/unstruggle\/tipps\/ich-weiss-nicht-weiter\/\">Ich weiss nicht weiter \u2013 was tun, wenn Du feststeckst<\/a><div class=\"wp-block-latest-posts__post-author\">von Peter<\/div><div class=\"wp-block-latest-posts__post-excerpt\">Bist Du gerade in einer beruflichen oder privaten Situation, in der Du nicht weiter weisst? Die Lage ist kompliziert, alles ist festgefahren, Du hast in Gedanken oder in echt schon &#8230;<\/div><\/li>\n<li><div class=\"wp-block-latest-posts__featured-image aligncenter\"><a href=\"https:\/\/unstruggle.ch\/unstruggle\/tipps\/act-playlist-meditationen\/\" aria-label=\"ACT Playlist: \u00dcbungen und Mediationen zu Achtsamkeit (YouTube)\"><img loading=\"lazy\" decoding=\"async\" width=\"669\" height=\"502\" src=\"https:\/\/unstruggle.ch\/unstruggle\/wp-content\/uploads\/2024\/08\/Bildschirmfoto-2024-08-23-um-16.24.55-1536x865-1.jpeg\" class=\"attachment-large size-large wp-post-image\" alt=\"\" style=\"\" srcset=\"https:\/\/unstruggle.ch\/unstruggle\/wp-content\/uploads\/2024\/08\/Bildschirmfoto-2024-08-23-um-16.24.55-1536x865-1.jpeg 669w, https:\/\/unstruggle.ch\/unstruggle\/wp-content\/uploads\/2024\/08\/Bildschirmfoto-2024-08-23-um-16.24.55-1536x865-1-300x225.jpeg 300w\" sizes=\"auto, (max-width: 669px) 100vw, 669px\" \/><\/a><\/div><a class=\"wp-block-latest-posts__post-title\" href=\"https:\/\/unstruggle.ch\/unstruggle\/tipps\/act-playlist-meditationen\/\">ACT Playlist: \u00dcbungen und Mediationen zu Achtsamkeit (YouTube)<\/a><div class=\"wp-block-latest-posts__post-author\">von Peter<\/div><div class=\"wp-block-latest-posts__post-excerpt\">Nutze unStruggle die ACT Playlist mit Meditationen und \u00dcbungen einen flexiblen Umgang mit Sorgen und Gedanken.<\/div><\/li>\n<li><div class=\"wp-block-latest-posts__featured-image aligncenter\"><a href=\"https:\/\/unstruggle.ch\/unstruggle\/tipps\/richtige-entscheidung-faellen\/\" aria-label=\"Die richtige Entscheidung f\u00e4llen\"><img loading=\"lazy\" decoding=\"async\" width=\"800\" height=\"600\" src=\"https:\/\/unstruggle.ch\/unstruggle\/wp-content\/uploads\/2024\/07\/pexels-liza-summer-6382487-Kopie-scaled-e1730405444866-1536x1154-1-1024x768.jpg\" class=\"attachment-large size-large wp-post-image\" alt=\"\" style=\"\" srcset=\"https:\/\/unstruggle.ch\/unstruggle\/wp-content\/uploads\/2024\/07\/pexels-liza-summer-6382487-Kopie-scaled-e1730405444866-1536x1154-1-1024x768.jpg 1024w, https:\/\/unstruggle.ch\/unstruggle\/wp-content\/uploads\/2024\/07\/pexels-liza-summer-6382487-Kopie-scaled-e1730405444866-1536x1154-1-300x225.jpg 300w, https:\/\/unstruggle.ch\/unstruggle\/wp-content\/uploads\/2024\/07\/pexels-liza-summer-6382487-Kopie-scaled-e1730405444866-1536x1154-1-768x576.jpg 768w, https:\/\/unstruggle.ch\/unstruggle\/wp-content\/uploads\/2024\/07\/pexels-liza-summer-6382487-Kopie-scaled-e1730405444866-1536x1154-1.jpg 1536w\" sizes=\"auto, (max-width: 800px) 100vw, 800px\" \/><\/a><\/div><a class=\"wp-block-latest-posts__post-title\" href=\"https:\/\/unstruggle.ch\/unstruggle\/tipps\/richtige-entscheidung-faellen\/\">Die richtige Entscheidung f\u00e4llen<\/a><div class=\"wp-block-latest-posts__post-author\">von Peter<\/div><div class=\"wp-block-latest-posts__post-excerpt\">Vielleicht bist Du gerade in einem Entscheidungsprozess, der Dich schon einige Zeit besch\u00e4ftigt. Du hast eine oder mehrere Alternativen zur Auswahl und fragst Dich: Wie kann ich die richtige Entscheidung &#8230;<\/div><\/li>\n<\/ul>\n\n\n<blockquote class=\"wp-block-quote has-medium-font-size is-layout-flow wp-block-quote-is-layout-flow\">\n<p class=\"has-medium-font-size\">&#8222;Struggeln&#8220; ist aus dem Englischen eingedeutscht und bedeutet soviel wie, mit etwas ringen, mit etwas k\u00e4mpfen, unter Wasser sein, M\u00fche oder Probleme haben. Ja, sich mit etwas schwer tun. Das ist komplett normal und deshalb ist es auch kein Problem, dar\u00fcber zu reden.<\/p>\n<cite>Allgemeine Netzsprache<\/cite><\/blockquote>\n\n\n\n<br id=\"AWIN\" \/>\n","protected":false},"excerpt":{"rendered":"<p>Stress, Sorgen, schwierige Entscheidungen \u2013 wenn Dir das alles zu viel wird, kann Dir Psychologische Beratung und Coaching helfen. Nimm neue Perspektiven ein, kriege Deinen Kopf frei und fokussiere auf &#8230;<\/p>\n","protected":false},"author":1,"featured_media":524,"parent":0,"menu_order":0,"comment_status":"closed","ping_status":"closed","template":"","meta":{"footnotes":""},"class_list":["post-18","page","type-page","status-publish","has-post-thumbnail","hentry"],"_links":{"self":[{"href":"https:\/\/unstruggle.ch\/unstruggle\/wp-json\/wp\/v2\/pages\/18","targetHints":{"allow":["GET"]}}],"collection":[{"href":"https:\/\/unstruggle.ch\/unstruggle\/wp-json\/wp\/v2\/pages"}],"about":[{"href":"https:\/\/unstruggle.ch\/unstruggle\/wp-json\/wp\/v2\/types\/page"}],"author":[{"embeddable":true,"href":"https:\/\/unstruggle.ch\/unstruggle\/wp-json\/wp\/v2\/users\/1"}],"replies":[{"embeddable":true,"href":"https:\/\/unstruggle.ch\/unstruggle\/wp-json\/wp\/v2\/comments?post=18"}],"version-history":[{"count":132,"href":"https:\/\/unstruggle.ch\/unstruggle\/wp-json\/wp\/v2\/pages\/18\/revisions"}],"predecessor-version":[{"id":1373,"href":"https:\/\/unstruggle.ch\/unstruggle\/wp-json\/wp\/v2\/pages\/18\/revisions\/1373"}],"wp:featuredmedia":[{"embeddable":true,"href":"https:\/\/unstruggle.ch\/unstruggle\/wp-json\/wp\/v2\/media\/524"}],"wp:attachment":[{"href":"https:\/\/unstruggle.ch\/unstruggle\/wp-json\/wp\/v2\/media?parent=18"}],"curies":[{"name":"wp","href":"https:\/\/api.w.org\/{rel}","templated":true}]}}