{"id":20,"date":"2022-02-27T07:43:48","date_gmt":"2022-02-27T07:43:48","guid":{"rendered":"https:\/\/unstruggle.ch\/unstruggle\/?page_id=20"},"modified":"2026-01-17T19:51:08","modified_gmt":"2026-01-17T18:51:08","slug":"kontakt","status":"publish","type":"page","link":"https:\/\/unstruggle.ch\/unstruggle\/kontakt\/","title":{"rendered":"Kontakt"},"content":{"rendered":"\n<div class=\"wp-block-group is-nowrap is-layout-flex wp-container-core-group-is-layout-ad2f72ca wp-block-group-is-layout-flex\">\n<figure class=\"wp-block-image size-full is-resized\"><img loading=\"lazy\" decoding=\"async\" width=\"60\" height=\"60\" src=\"https:\/\/unstruggle.ch\/unstruggle\/wp-content\/uploads\/2024\/11\/Your-App.png\" alt=\"\" class=\"wp-image-1171\" style=\"width:43px;height:auto\"\/><\/figure>\n\n\n\n<p><a href=\"https:\/\/unstruggle.ch\/unstruggle\/contact\/\">English version for Worry Monster App users<\/a> <\/p>\n<\/div>\n\n\n\n<p class=\"has-medium-font-size\">Du m\u00f6chtest endlich wichtige Themen angehen, Du ben\u00f6tigst Begleitung und Unterst\u00fctzung f\u00fcr Dein Anliegen oder eine wichtige Entscheidung steht an? <\/p>\n\n\n\n<p class=\"has-medium-font-size\">Kontaktiere mich jederzeit unverbindlich.<\/p>\n\n\n\n<h2 class=\"wp-block-heading has-medium-font-size\">So erreichst Du mich:<\/h2>\n\n\n\n<p class=\"has-medium-font-size\">E-Mail:<br><a href=\"mailto:peter@unstruggle.ch\">peter@unstruggle.ch<\/a><br><a href=\"mailto:peter.schmutz@psychologie.ch\">peter.schmutz@psychologie.ch<\/a> (HIN secured)<br>Telefon: <a href=\"tel:\u202d0767408883\u202c\">076 740 88 83\u202c<\/a> <strong><br><\/strong>Falls ich das Telefon nicht entgegen nehmen kann, schreibe mir einfach eine SMS\/Whatsapp oder hinterlasse eine Sprachnachricht. Ich melde mich gerne baldm\u00f6glichst zur\u00fcck.<\/p>\n\n\n\n<div class=\"wp-block-group\"><div class=\"wp-block-group__inner-container is-layout-constrained wp-block-group-is-layout-constrained\">\n<p class=\"has-text-align-left has-medium-font-size\">Vereinbare jetzt direkt ein kurzes Kennenlern-Gespr\u00e4ch (kostenlos, 15 Minuten):<\/p>\n\n\n\n<div class=\"wp-block-buttons is-content-justification-left is-layout-flex wp-container-core-buttons-is-layout-fdcfc74e wp-block-buttons-is-layout-flex\">\n<div class=\"wp-block-button\"><a class=\"wp-block-button__link has-background wp-element-button\" href=\"https:\/\/wa.me\/message\/PFLUGPHKBYH3I1?src=qr\" style=\"background-color:#00a216d9\" target=\"_blank\" rel=\"noopener\">Whatsapp Chat<\/a><\/div>\n\n\n\n<div class=\"wp-block-button\"><a class=\"wp-block-button__link has-background wp-element-button\" href=\"https:\/\/calendly.com\/peter-schmutz-unstruggle\/kennenlerntermin\" style=\"background-color:#36487b\" target=\"_blank\" rel=\"noreferrer noopener\">Kennenlerntermin buchen<\/a><\/div>\n<\/div>\n<\/div><\/div>\n\n\n\n<p><br><\/p>\n\n\n\n<div class=\"wp-block-group has-background\" style=\"background-color:#abb7c221\"><div class=\"wp-block-group__inner-container is-layout-constrained wp-block-group-is-layout-constrained\">\n<h2 class=\"wp-block-heading has-medium-font-size\">Verf\u00fcgbarkeiten<\/h2>\n\n\n\n<p class=\"has-medium-font-size\">Montag Nachmittag (nur online, nach Vereinbarung)<br>Freitag Nachmittag (nur online, nach Vereinbarung)<br>Samstag: 14:00 &#8211; 18:00 (Aarau, nach Vereinbarung)<\/p>\n<\/div><\/div>\n\n\n\n<h2 class=\"wp-block-heading has-medium-font-size\"><br>Kurzfristige Termine: Brennt Dir eine Entscheidung unter den N\u00e4geln?<\/h2>\n\n\n\n<p class=\"has-medium-font-size\">Manchmal muss es pl\u00f6tzlich schnell gehen. Ich f\u00fchre auch <strong>kurzfristige<\/strong> <a href=\"https:\/\/unstruggle.ch\/unstruggle\/entscheidungscoaching\/\" data-type=\"page\" data-id=\"631\">Entscheidungscoachings<\/a> und <a href=\"https:\/\/unstruggle.ch\/unstruggle\/einzelcoaching\/\" data-type=\"page\" data-id=\"749\">Einzelcoachings<\/a> in Aarau und Online durch. Kontaktiere mich und wir versuchen kurzfristig eine L\u00f6sung zu finden.<\/p>\n\n\n\n<h2 class=\"wp-block-heading has-medium-font-size\">Adresse<\/h2>\n\n\n\n<p class=\"has-medium-font-size\">Dr. Peter Schmutz<br>Psychologische Beratung &amp;&nbsp;Entscheidungscoaching<br>Praxis am Park<br>Kasinostrasse 19<br>5000 Aarau (<a href=\"https:\/\/goo.gl\/maps\/5ZaDv5ayHWvZSq9X9\" target=\"_blank\" rel=\"noreferrer noopener\">Karte<\/a>) (Aargau)<\/p>\n\n\n\n<h2 class=\"wp-block-heading has-medium-font-size\">Termindurchf\u00fchrung<\/h2>\n\n\n\n<p class=\"has-medium-font-size\">Unsere Besprechungen finden dabei jeweils als <a href=\"https:\/\/unstruggle.ch\/unstruggle\/einzelcoaching\/\" data-type=\"page\" data-id=\"749\">Einzelcoachings<\/a> in den R\u00e4umlichkeiten der Praxis am Park in Aarau statt, bei einem Spaziergang oder bei Dir im B\u00fcro. Ich biete auch Online-Termine an, bevorzuge aber die gemeinsame Arbeit vor Ort.<\/p>\n\n\n\n<div class=\"wp-block-group has-background\" style=\"background-color:#abb7c221\"><div class=\"wp-block-group__inner-container is-layout-constrained wp-block-group-is-layout-constrained\">\n<h2 class=\"wp-block-heading has-medium-font-size\">Tarife und Kosten<\/h2>\n\n\n\n<p class=\"has-medium-font-size\">Privat: CHF 140\/h<br>Business: CHF 160\/h<\/p>\n\n\n\n<p class=\"has-medium-font-size\">Coaching und Beratung ist ein Angebot f\u00fcr Selbstzahlende und kann <span style=\"text-decoration: underline;\">nicht<\/span> \u00fcber die Krankenkasse abgerechnet werden. <br>Coaching, Beratung und Unterst\u00fctzung darf kein Luxusgut sein. Wenn der Tarif Deine derzeitigen finanziellen M\u00f6glichkeiten \u00fcbersteigen sollte, sprich mich darauf an.<\/p>\n\n\n\n<p class=\"has-medium-font-size\">Daneben gibt es keinerlei versteckte Kosten, Du verpflichtest Dich nicht f\u00fcr eine fixe Anzahl Stunden oder Minuten. Wir arbeiten so lange zusammen, wie wir m\u00f6gen und Du darin einen Gewinn f\u00fcr Dich siehst. Du bezahlst Deinen Tarif, wenn Du zufrieden mit dem Termin warst, ansonsten machst Du eine Spende an die Gl\u00fcckskette.<\/p>\n<\/div><\/div>\n\n\n\n<p class=\"has-medium-font-size\"><\/p>\n\n\n\n<h2 class=\"wp-block-heading has-medium-font-size\">Gibt es Einsteiger-Pakete?<\/h2>\n\n\n\n<p class=\"has-medium-font-size\">Ich biete keine Einsteigerpakete an. Ich biete keine Gl\u00fccklich-In-10-Tagen und auch keine Analysepakete an f\u00fcr 500.-.<\/p>\n\n\n\n<p class=\"has-medium-font-size\">Der Grund ist einfach: Menschen sind individuell, Fragestellungen sind individuell und Lernkurven sind individuell. Die letzten Minuten einer Sitzung verwenden wir daf\u00fcr, zu schauen, wo wir aktuell stehen, und wie Du weiter vorgehen m\u00f6chtest. Vielleicht reicht ein Gespr\u00e4ch, vielleicht m\u00f6chtest Du weiter an Deinen offenen Themen arbeiten.<\/p>\n\n\n\n<h2 class=\"wp-block-heading has-medium-font-size\">Stimmt die Chemie?<\/h2>\n\n\n\n<p class=\"has-medium-font-size\">Beim Coaching arbeiten wir als Team an Deinen Themen. Vertrauen, Chemie und Beziehung bestimmen bis zu 80% des Coachingerfolgs.<br><a href=\"https:\/\/unstruggle.ch\/unstruggle\/ueber-mich-peter-schmutz-unstruggle\/\" data-type=\"page\" data-id=\"19\">Hier deshalb einige Details zu meiner Person<\/a>, damit Du Dir ein erstes Bild machen kannst.<br>Oder Du lernst mich einfach an einem kurzen Video-Termin via Zoom (kostenlos, 15 Minuten) kennen: <\/p>\n\n\n\n<div class=\"wp-block-buttons is-layout-flex wp-block-buttons-is-layout-flex\">\n<div class=\"wp-block-button is-style-fill\"><a class=\"wp-block-button__link has-background wp-element-button\" href=\"https:\/\/calendly.com\/peter-schmutz-unstruggle\/kennenlerntermin\" style=\"background-color:#36487b\" target=\"_blank\" rel=\"noreferrer noopener\">Kennenlerntermin buchen<\/a><\/div>\n<\/div>\n\n\n\n<p>&#8212;<\/p>\n\n\n\n<p><strong>Hinweis<\/strong>: Als AWIN-Partner verdiene ich an qualifizierten Verk\u00e4ufen.<\/p>\n\n\n\n<p>UID: CHE-370.441.032<\/p>\n","protected":false},"excerpt":{"rendered":"<p>English version for Worry Monster App users Du m\u00f6chtest endlich wichtige Themen angehen, Du ben\u00f6tigst Begleitung und Unterst\u00fctzung f\u00fcr Dein Anliegen oder eine wichtige Entscheidung steht an? Kontaktiere mich jederzeit &#8230;<\/p>\n","protected":false},"author":1,"featured_media":0,"parent":0,"menu_order":0,"comment_status":"closed","ping_status":"closed","template":"","meta":{"footnotes":""},"class_list":["post-20","page","type-page","status-publish","hentry"],"_links":{"self":[{"href":"https:\/\/unstruggle.ch\/unstruggle\/wp-json\/wp\/v2\/pages\/20","targetHints":{"allow":["GET"]}}],"collection":[{"href":"https:\/\/unstruggle.ch\/unstruggle\/wp-json\/wp\/v2\/pages"}],"about":[{"href":"https:\/\/unstruggle.ch\/unstruggle\/wp-json\/wp\/v2\/types\/page"}],"author":[{"embeddable":true,"href":"https:\/\/unstruggle.ch\/unstruggle\/wp-json\/wp\/v2\/users\/1"}],"replies":[{"embeddable":true,"href":"https:\/\/unstruggle.ch\/unstruggle\/wp-json\/wp\/v2\/comments?post=20"}],"version-history":[{"count":64,"href":"https:\/\/unstruggle.ch\/unstruggle\/wp-json\/wp\/v2\/pages\/20\/revisions"}],"predecessor-version":[{"id":1392,"href":"https:\/\/unstruggle.ch\/unstruggle\/wp-json\/wp\/v2\/pages\/20\/revisions\/1392"}],"wp:attachment":[{"href":"https:\/\/unstruggle.ch\/unstruggle\/wp-json\/wp\/v2\/media?parent=20"}],"curies":[{"name":"wp","href":"https:\/\/api.w.org\/{rel}","templated":true}]}}